{"id":13849,"date":"2024-10-10T10:38:29","date_gmt":"2024-10-10T10:38:29","guid":{"rendered":"https:\/\/forwardap.com\/conditions-generales\/"},"modified":"2025-07-09T00:31:20","modified_gmt":"2025-07-09T00:31:20","slug":"conditions-generales","status":"publish","type":"page","link":"https:\/\/forwardap.com\/fr\/conditions-generales\/","title":{"rendered":"Conditions g\u00e9n\u00e9rales"},"content":{"rendered":"\t\t<div data-elementor-type=\"wp-page\" data-elementor-id=\"13849\" class=\"elementor elementor-13849 elementor-11509\" data-elementor-post-type=\"page\">\n\t\t\t\t<div class=\"elementor-element elementor-element-54a3466d e-flex e-con-boxed e-con e-parent\" data-id=\"54a3466d\" data-element_type=\"container\" data-settings=\"{&quot;jet_parallax_layout_list&quot;:[]}\">\n\t\t\t\t\t<div class=\"e-con-inner\">\n\t\t\t\t<div class=\"elementor-element elementor-element-c158879 elementor-widget elementor-widget-heading\" data-id=\"c158879\" data-element_type=\"widget\" data-widget_type=\"heading.default\">\n\t\t\t\t<div class=\"elementor-widget-container\">\n\t\t\t\t\t<h1 class=\"elementor-heading-title elementor-size-default\">Conditions g\u00e9n\u00e9rales<\/h1>\t\t\t\t<\/div>\n\t\t\t\t<\/div>\n\t\t\t\t<div class=\"elementor-element elementor-element-a917b73 elementor-widget elementor-widget-text-editor\" data-id=\"a917b73\" data-element_type=\"widget\" data-widget_type=\"text-editor.default\">\n\t\t\t\t<div class=\"elementor-widget-container\">\n\t\t\t\t\t\t\t\t\t<p><i>Les conditions g\u00e9n\u00e9rales ont \u00e9t\u00e9 mises \u00e0 jour pour la derni\u00e8re fois le 10 octobre 2024<\/i><\/p><h2>1. Introduction<\/h2><p>Ces conditions g\u00e9n\u00e9rales s&rsquo;appliquent \u00e0 ce site web et aux transactions li\u00e9es \u00e0 nos produits et services. Vous pouvez \u00eatre li\u00e9 par des contrats suppl\u00e9mentaires relatifs \u00e0 votre relation avec nous ou \u00e0 tout produit ou service que vous recevez de notre part. Si des dispositions des contrats suppl\u00e9mentaires entrent en conflit avec des dispositions de ces conditions g\u00e9n\u00e9rales, les dispositions de ces contrats suppl\u00e9mentaires pr\u00e9vaudront.  <\/p><h2>2. Caract\u00e8re contraignant<\/h2><p>En vous inscrivant, en acc\u00e9dant ou en utilisant ce site web de quelque mani\u00e8re que ce soit, vous acceptez par les pr\u00e9sentes d&rsquo;\u00eatre li\u00e9 par ces conditions g\u00e9n\u00e9rales \u00e9nonc\u00e9es ci-dessous. La simple utilisation de ce site web implique la connaissance et l&rsquo;acceptation de ces conditions g\u00e9n\u00e9rales. Dans certains cas particuliers, nous pouvons \u00e9galement vous demander d&rsquo;accepter explicitement.  <\/p><h2>3. Propri\u00e9t\u00e9 intellectuelle<\/h2><p>Nous ou nos conc\u00e9dants de licence poss\u00e9dons et contr\u00f4lons tous les droits d&rsquo;auteur et autres droits de propri\u00e9t\u00e9 intellectuelle du site web et des donn\u00e9es, informations et autres ressources affich\u00e9es ou accessibles sur le site web.<\/p><p class=\"cmplz-subtitle\">3.1 Tous droits r\u00e9serv\u00e9s<\/p><p>Sauf indication contraire du contenu sp\u00e9cifique, aucune licence ou autre droit ne vous est accord\u00e9 en vertu des droits d&rsquo;auteur, de marque, de brevet ou d&rsquo;autres droits de propri\u00e9t\u00e9 intellectuelle. Cela signifie que vous n&rsquo;utiliserez, ne copierez, ne reproduirez, n&rsquo;ex\u00e9cuterez, n&rsquo;afficherez, ne distribuerez, n&rsquo;int\u00e9grerez dans aucun support \u00e9lectronique, ne modifierez, n&rsquo;effectuerez d&rsquo;ing\u00e9nierie inverse, ne d\u00e9compilerez, ne transf\u00e9rerez, ne t\u00e9l\u00e9chargerez, ne transmettrez, ne mon\u00e9tiserez, ne vendrez, ne commercialiserez ou ne commercialiserez aucune ressource de ce site web sous quelque forme que ce soit, sans notre autorisation \u00e9crite pr\u00e9alable, sauf et seulement dans la mesure o\u00f9 cela est stipul\u00e9 autrement dans les r\u00e9glementations de droit imp\u00e9ratif (comme le droit de citation). <\/p><h2>4. Newsletter<\/h2><p>Nonobstant ce qui pr\u00e9c\u00e8de, vous pouvez transmettre notre newsletter sous forme \u00e9lectronique \u00e0 d&rsquo;autres personnes susceptibles d&rsquo;\u00eatre int\u00e9ress\u00e9es par la visite de notre site web.<\/p><h2>5. Propri\u00e9t\u00e9 de tiers<\/h2><p>Notre site web peut inclure des hyperliens ou d&rsquo;autres r\u00e9f\u00e9rences vers les sites web d&rsquo;autres parties. Nous ne surveillons ni n&rsquo;examinons le contenu des sites web d&rsquo;autres parties qui sont li\u00e9s \u00e0 partir de ce site web. Les produits ou services offerts par d&rsquo;autres sites web sont soumis aux conditions g\u00e9n\u00e9rales applicables de ces tiers. Les opinions exprim\u00e9es ou le mat\u00e9riel apparaissant sur ces sites web ne sont pas n\u00e9cessairement partag\u00e9s ou approuv\u00e9s par nous.   <\/p><p>Nous ne serons pas responsables des pratiques de confidentialit\u00e9 ou du contenu de ces sites. Vous assumez tous les risques associ\u00e9s \u00e0 l&rsquo;utilisation de ces sites web et de tout service tiers connexe. Nous n&rsquo;accepterons aucune responsabilit\u00e9 pour toute perte ou dommage de quelque mani\u00e8re que ce soit, quelle qu&rsquo;en soit la cause, r\u00e9sultant de votre divulgation d&rsquo;informations personnelles \u00e0 des tiers.  <\/p><h2>6. Utilisation responsable<\/h2><p>En visitant notre site web, vous acceptez de l&rsquo;utiliser uniquement aux fins pr\u00e9vues et comme autoris\u00e9 par ces conditions g\u00e9n\u00e9rales, tout contrat suppl\u00e9mentaire avec nous, et les lois, r\u00e9glementations et pratiques en ligne g\u00e9n\u00e9ralement accept\u00e9es et directives de l&rsquo;industrie applicables. Vous ne devez pas utiliser notre site web ou nos services pour utiliser, publier ou distribuer tout mat\u00e9riel qui consiste en (ou est li\u00e9 \u00e0) un logiciel informatique malveillant ; utiliser des donn\u00e9es collect\u00e9es sur notre site web pour toute activit\u00e9 de marketing direct, ou mener toute activit\u00e9 syst\u00e9matique ou automatis\u00e9e de collecte de donn\u00e9es sur ou en relation avec notre site web. <\/p><p>S&rsquo;engager dans toute activit\u00e9 qui cause, ou peut causer, des dommages au site web ou qui interf\u00e8re avec les performances, la disponibilit\u00e9 ou l&rsquo;accessibilit\u00e9 du site web est strictement interdit.<\/p><h2>7. Soumission d&rsquo;id\u00e9es<\/h2><p>Ne soumettez aucune id\u00e9e, invention, \u0153uvre d&rsquo;auteur ou autre information qui peut \u00eatre consid\u00e9r\u00e9e comme votre propre propri\u00e9t\u00e9 intellectuelle que vous souhaiteriez nous pr\u00e9senter, \u00e0 moins que nous n&rsquo;ayons d&rsquo;abord sign\u00e9 un accord concernant la propri\u00e9t\u00e9 intellectuelle ou un accord de non-divulgation. Si vous nous la divulguez en l&rsquo;absence d&rsquo;un tel accord \u00e9crit, vous nous accordez une licence mondiale, irr\u00e9vocable, non exclusive et libre de redevances pour utiliser, reproduire, stocker, adapter, publier, traduire et distribuer votre contenu dans tout m\u00e9dia existant ou futur. <\/p><h2>8. R\u00e9siliation d&rsquo;utilisation<\/h2><p>Nous pouvons, \u00e0 notre seule discr\u00e9tion, \u00e0 tout moment modifier ou interrompre l&rsquo;acc\u00e8s, temporairement ou d\u00e9finitivement, au site web ou \u00e0 tout service qui s&rsquo;y trouve. Vous acceptez que nous ne serons pas responsables envers vous ou tout tiers pour toute modification, suspension ou interruption de votre acc\u00e8s ou utilisation du site web ou de tout contenu que vous pourriez avoir partag\u00e9 sur le site web. Vous n&rsquo;aurez droit \u00e0 aucune compensation ou autre paiement, m\u00eame si certaines fonctionnalit\u00e9s, param\u00e8tres et\/ou tout contenu que vous avez contribu\u00e9 ou sur lequel vous en \u00eates venu \u00e0 compter, sont d\u00e9finitivement perdus. Vous ne devez pas contourner ou \u00e9viter, ou tenter de contourner ou d&rsquo;\u00e9viter, toute mesure de restriction d&rsquo;acc\u00e8s sur notre site web.   <\/p><h2>9. Garanties et responsabilit\u00e9<\/h2><p>Rien dans cette section ne limitera ou n&rsquo;exclura toute garantie implicite par la loi qu&rsquo;il serait ill\u00e9gal de limiter ou d&rsquo;exclure. Ce site web et tout le contenu du site web sont fournis \u00ab en l&rsquo;\u00e9tat \u00bb et \u00ab selon la disponibilit\u00e9 \u00bb et peuvent inclure des inexactitudes ou des erreurs typographiques. Nous d\u00e9clinons express\u00e9ment toutes garanties de quelque nature que ce soit, qu&rsquo;elles soient expresses ou implicites, quant \u00e0 la disponibilit\u00e9, l&rsquo;exactitude ou l&rsquo;exhaustivit\u00e9 du contenu. Nous ne garantissons pas que :   <\/p><ul><li>ce site web ou notre contenu r\u00e9pondront \u00e0 vos exigences ;<\/li><li>ce site web sera disponible de mani\u00e8re ininterrompue, en temps opportun, s\u00e9curis\u00e9e ou sans erreur.<\/li><\/ul><p>Rien sur ce site web ne constitue ou n&rsquo;est destin\u00e9 \u00e0 constituer des conseils juridiques, financiers ou m\u00e9dicaux de quelque nature que ce soit. Si vous avez besoin de conseils, vous devriez consulter un professionnel appropri\u00e9. <\/p><p>Les dispositions suivantes de cette section s&rsquo;appliqueront dans la mesure maximale permise par la loi applicable et ne limiteront ni n&rsquo;excluront notre responsabilit\u00e9 \u00e0 l&rsquo;\u00e9gard de toute question pour laquelle il serait ill\u00e9gal ou illicite pour nous de limiter ou d&rsquo;exclure notre responsabilit\u00e9. En aucun cas nous ne serons responsables de tout dommage direct ou indirect (y compris tout dommage pour perte de profits ou de revenus, perte ou corruption de donn\u00e9es, logiciels ou base de donn\u00e9es, ou perte ou pr\u00e9judice \u00e0 la propri\u00e9t\u00e9 ou aux donn\u00e9es) subis par vous ou tout tiers, d\u00e9coulant de votre acc\u00e8s ou utilisation de notre site web. <\/p><p>Sauf dans la mesure o\u00f9 tout contrat suppl\u00e9mentaire stipule express\u00e9ment le contraire, notre responsabilit\u00e9 maximale envers vous pour tous les dommages d\u00e9coulant ou li\u00e9s au site web ou \u00e0 tout produit et service commercialis\u00e9 ou vendu par le biais du site web, quelle que soit la forme d&rsquo;action l\u00e9gale qui impose la responsabilit\u00e9 (qu&rsquo;elle soit contractuelle, \u00e9quitable, par n\u00e9gligence, conduite intentionnelle, d\u00e9lit ou autre) sera limit\u00e9e au prix total que vous nous avez pay\u00e9 pour acheter ces produits ou services ou utiliser le site web. Cette limite s&rsquo;appliquera de mani\u00e8re globale \u00e0 toutes vos r\u00e9clamations, actions et causes d&rsquo;action de toute nature.<\/p><h2>10. Confidentialit\u00e9<\/h2><p>Pour acc\u00e9der \u00e0 notre site web et\/ou services, il peut vous \u00eatre demand\u00e9 de fournir certaines informations vous concernant dans le cadre du processus d&rsquo;inscription. Vous acceptez que toute information que vous fournissez soit toujours exacte, correcte et \u00e0 jour.<\/p><p>Nous avons d\u00e9velopp\u00e9 une politique pour r\u00e9pondre \u00e0 toute pr\u00e9occupation de confidentialit\u00e9 que vous pourriez avoir. Pour plus d&rsquo;informations, veuillez consulter notre <a href=\"https:\/\/forwardap.com\/fr\/conditions-generales\/\">D\u00e9claration de confidentialit\u00e9<\/a> et notre <a href=\"https:\/\/forwardap.com\/fr\/cookie\/\">Politique de cookies<\/a>.<\/p><h2>11. Accessibilit\u00e9<\/h2><p>Nous nous engageons \u00e0 rendre le contenu que nous fournissons accessible aux personnes handicap\u00e9es. Si vous avez un handicap et que vous ne pouvez pas acc\u00e9der \u00e0 une partie de notre site web en raison de votre handicap, nous vous demandons de nous donner un avis incluant une description d\u00e9taill\u00e9e du probl\u00e8me que vous avez rencontr\u00e9. Si le probl\u00e8me est facilement identifiable et r\u00e9solvable conform\u00e9ment aux outils et techniques de technologie de l&rsquo;information standard de l&rsquo;industrie, nous le r\u00e9soudrons rapidement.<\/p><h2>12. Restrictions d&rsquo;exportation \/ conformit\u00e9 l\u00e9gale<\/h2><p>L&rsquo;acc\u00e8s au site web depuis des territoires ou pays o\u00f9 le contenu ou l&rsquo;achat des produits ou services vendus sur le site web est ill\u00e9gal est interdit. Vous ne pouvez pas utiliser ce site web en violation des lois et r\u00e9glementations d&rsquo;exportation de la Suisse.<\/p><h2>13. Cession<\/h2><p>Vous ne pouvez pas c\u00e9der, transf\u00e9rer ou sous-traiter vos droits et\/ou obligations en vertu de ces conditions g\u00e9n\u00e9rales, en tout ou en partie, \u00e0 un tiers sans notre consentement \u00e9crit pr\u00e9alable. Toute cession pr\u00e9tendue en violation de cette section sera nulle et non avenue.<\/p><h2>14. Violations de ces conditions g\u00e9n\u00e9rales<\/h2><p>Sans pr\u00e9judice de nos autres droits en vertu de ces conditions g\u00e9n\u00e9rales, si vous violez ces conditions g\u00e9n\u00e9rales de quelque mani\u00e8re que ce soit, nous pouvons prendre les mesures que nous jugeons appropri\u00e9es pour traiter la violation, y compris suspendre temporairement ou d\u00e9finitivement votre acc\u00e8s au site web, contacter votre fournisseur de services Internet pour lui demander de bloquer votre acc\u00e8s au site web, et\/ou engager une action en justice contre vous.<\/p><h2>15. Indemnisation<\/h2><p>Vous acceptez de nous indemniser, de nous d\u00e9fendre et de nous d\u00e9gager de toute responsabilit\u00e9, contre toutes r\u00e9clamations, responsabilit\u00e9s, dommages, pertes et d\u00e9penses, li\u00e9s \u00e0 votre violation de ces conditions g\u00e9n\u00e9rales et des lois applicables, y compris les droits de propri\u00e9t\u00e9 intellectuelle et les droits \u00e0 la vie priv\u00e9e. Vous nous rembourserez rapidement nos dommages, pertes, co\u00fbts et d\u00e9penses li\u00e9s ou d\u00e9coulant de ces r\u00e9clamations.<\/p><h2>16. Renonciation<\/h2><p>Le d\u00e9faut d&rsquo;appliquer l&rsquo;une des dispositions \u00e9nonc\u00e9es dans ces conditions g\u00e9n\u00e9rales et tout accord, ou le d\u00e9faut d&rsquo;exercer toute option de r\u00e9siliation, ne sera pas interpr\u00e9t\u00e9 comme une renonciation \u00e0 ces dispositions et n&rsquo;affectera pas la validit\u00e9 de ces conditions g\u00e9n\u00e9rales ou de tout accord ou de toute partie de celui-ci, ou le droit par la suite d&rsquo;appliquer chaque disposition.<\/p><h2>17. Langue<\/h2><p>Ces conditions g\u00e9n\u00e9rales seront interpr\u00e9t\u00e9es et construites exclusivement en anglais. Tous les avis et correspondances seront r\u00e9dig\u00e9s exclusivement dans cette langue.<\/p><h2>18. Accord complet<\/h2><p>Ces conditions g\u00e9n\u00e9rales, ainsi que notre <a href=\"https:\/\/forwardap.com\/fr\/conditions-generales\/\">d\u00e9claration de confidentialit\u00e9<\/a> et notre <a href=\"https:\/\/forwardap.com\/fr\/cookie\/\">politique de cookies<\/a>, constituent l&rsquo;accord complet entre vous et Forward AP en relation avec votre utilisation de ce site web.<\/p><h2>19. Mise \u00e0 jour de ces conditions g\u00e9n\u00e9rales<\/h2><p>Nous pouvons mettre \u00e0 jour ces conditions g\u00e9n\u00e9rales de temps \u00e0 autre. Il est de votre obligation de v\u00e9rifier p\u00e9riodiquement ces conditions g\u00e9n\u00e9rales pour les changements ou mises \u00e0 jour. La date fournie au d\u00e9but de ces conditions g\u00e9n\u00e9rales est la date de r\u00e9vision la plus r\u00e9cente. Les modifications de ces conditions g\u00e9n\u00e9rales prendront effet d\u00e8s que ces modifications seront publi\u00e9es sur ce site web. Votre utilisation continue de ce site web suite \u00e0 la publication de modifications ou mises \u00e0 jour sera consid\u00e9r\u00e9e comme un avis de votre acceptation de respecter et d&rsquo;\u00eatre li\u00e9 par ces conditions g\u00e9n\u00e9rales.<\/p><h2>20. Choix de la loi et juridiction<\/h2><p>Ces conditions g\u00e9n\u00e9rales seront r\u00e9gies par les lois de la Suisse. Tout litige relatif \u00e0 ces conditions g\u00e9n\u00e9rales sera soumis \u00e0 la juridiction des tribunaux de Suisse. Si une partie ou disposition de ces conditions g\u00e9n\u00e9rales est jug\u00e9e par un tribunal ou une autre autorit\u00e9 comme invalide et\/ou inapplicable en vertu de la loi applicable, cette partie ou disposition sera modifi\u00e9e, supprim\u00e9e et\/ou appliqu\u00e9e dans la mesure maximale permise afin de donner effet \u00e0 l&rsquo;intention de ces conditions g\u00e9n\u00e9rales. Les autres dispositions ne seront pas affect\u00e9es.<\/p><h2>21. Informations de contact<\/h2><p>Ce site web est d\u00e9tenu et exploit\u00e9 par Forward AP.<\/p><p>Vous pouvez nous contacter concernant ces conditions g\u00e9n\u00e9rales via notre page de <a href=\"https:\/\/forwardap.com\/fr\/contactez-nous\/\">contact<\/a>.<\/p>\t\t\t\t\t\t\t\t<\/div>\n\t\t\t\t<\/div>\n\t\t\t\t\t<\/div>\n\t\t\t\t<\/div>\n\t\t\t\t<\/div>\n\t\t","protected":false},"excerpt":{"rendered":"<p>Les conditions g\u00e9n\u00e9rales ont \u00e9t\u00e9 mises \u00e0 jour pour la derni\u00e8re fois le 10 octobre 2024 1. Introduction Ces conditions g\u00e9n\u00e9rales s&rsquo;appliquent \u00e0 ce site web et aux transactions li\u00e9es \u00e0 nos produits et services. Vous pouvez \u00eatre li\u00e9 par des contrats suppl\u00e9mentaires relatifs \u00e0 votre relation avec nous ou \u00e0 tout produit ou service [&hellip;]<\/p>\n","protected":false},"author":5,"featured_media":0,"parent":0,"menu_order":0,"comment_status":"closed","ping_status":"closed","template":"","meta":{"footnotes":""},"class_list":["post-13849","page","type-page","status-publish","hentry"],"yoast_head":"<!-- This site is optimized with the Yoast SEO plugin v25.5 - https:\/\/yoast.com\/wordpress\/plugins\/seo\/ -->\n<title>Conditions g\u00e9n\u00e9rales - Forward AP<\/title>\n<meta name=\"robots\" content=\"index, follow, max-snippet:-1, max-image-preview:large, max-video-preview:-1\" \/>\n<link rel=\"canonical\" href=\"https:\/\/forwardap.com\/fr\/conditions-generales\/\" \/>\n<meta property=\"og:locale\" content=\"fr_FR\" \/>\n<meta property=\"og:type\" content=\"article\" \/>\n<meta property=\"og:title\" content=\"Conditions g\u00e9n\u00e9rales - Forward AP\" \/>\n<meta property=\"og:description\" content=\"Les conditions g\u00e9n\u00e9rales ont \u00e9t\u00e9 mises \u00e0 jour pour la derni\u00e8re fois le 10 octobre 2024 1. Introduction Ces conditions g\u00e9n\u00e9rales s&rsquo;appliquent \u00e0 ce site web et aux transactions li\u00e9es \u00e0 nos produits et services. Vous pouvez \u00eatre li\u00e9 par des contrats suppl\u00e9mentaires relatifs \u00e0 votre relation avec nous ou \u00e0 tout produit ou service [&hellip;]\" \/>\n<meta property=\"og:url\" content=\"https:\/\/forwardap.com\/fr\/conditions-generales\/\" \/>\n<meta property=\"og:site_name\" content=\"Forward AP\" \/>\n<meta property=\"article:publisher\" content=\"https:\/\/www.instagram.com\/forward.ap\/\" \/>\n<meta property=\"article:modified_time\" content=\"2025-07-09T00:31:20+00:00\" \/>\n<meta name=\"twitter:card\" content=\"summary_large_image\" \/>\n<meta name=\"twitter:label1\" content=\"Dur\u00e9e de lecture estim\u00e9e\" \/>\n\t<meta name=\"twitter:data1\" content=\"10 minutes\" \/>\n<script type=\"application\/ld+json\" class=\"yoast-schema-graph\">{\"@context\":\"https:\/\/schema.org\",\"@graph\":[{\"@type\":\"WebPage\",\"@id\":\"https:\/\/forwardap.com\/fr\/conditions-generales\/\",\"url\":\"https:\/\/forwardap.com\/fr\/conditions-generales\/\",\"name\":\"Conditions g\u00e9n\u00e9rales - Forward AP\",\"isPartOf\":{\"@id\":\"https:\/\/forwardap.com\/fr\/#website\"},\"datePublished\":\"2024-10-10T10:38:29+00:00\",\"dateModified\":\"2025-07-09T00:31:20+00:00\",\"breadcrumb\":{\"@id\":\"https:\/\/forwardap.com\/fr\/conditions-generales\/#breadcrumb\"},\"inLanguage\":\"fr-FR\",\"potentialAction\":[{\"@type\":\"ReadAction\",\"target\":[\"https:\/\/forwardap.com\/fr\/conditions-generales\/\"]}]},{\"@type\":\"BreadcrumbList\",\"@id\":\"https:\/\/forwardap.com\/fr\/conditions-generales\/#breadcrumb\",\"itemListElement\":[{\"@type\":\"ListItem\",\"position\":1,\"name\":\"Home\",\"item\":\"https:\/\/forwardap.com\/\"},{\"@type\":\"ListItem\",\"position\":2,\"name\":\"Conditions g\u00e9n\u00e9rales\"}]},{\"@type\":\"WebSite\",\"@id\":\"https:\/\/forwardap.com\/fr\/#website\",\"url\":\"https:\/\/forwardap.com\/fr\/\",\"name\":\"Forward AP\",\"description\":\"Optimizing the user-experience right from the unboxing moment\",\"publisher\":{\"@id\":\"https:\/\/forwardap.com\/fr\/#organization\"},\"alternateName\":\"Forward AP\",\"potentialAction\":[{\"@type\":\"SearchAction\",\"target\":{\"@type\":\"EntryPoint\",\"urlTemplate\":\"https:\/\/forwardap.com\/fr\/?s={search_term_string}\"},\"query-input\":{\"@type\":\"PropertyValueSpecification\",\"valueRequired\":true,\"valueName\":\"search_term_string\"}}],\"inLanguage\":\"fr-FR\"},{\"@type\":\"Organization\",\"@id\":\"https:\/\/forwardap.com\/fr\/#organization\",\"name\":\"Forward AP\",\"url\":\"https:\/\/forwardap.com\/fr\/\",\"logo\":{\"@type\":\"ImageObject\",\"inLanguage\":\"fr-FR\",\"@id\":\"https:\/\/forwardap.com\/fr\/#\/schema\/logo\/image\/\",\"url\":\"https:\/\/forwardap.com\/wp-content\/uploads\/2025\/06\/FORWARDAP__logo_light.png\",\"contentUrl\":\"https:\/\/forwardap.com\/wp-content\/uploads\/2025\/06\/FORWARDAP__logo_light.png\",\"width\":1448,\"height\":582,\"caption\":\"Forward AP\"},\"image\":{\"@id\":\"https:\/\/forwardap.com\/fr\/#\/schema\/logo\/image\/\"},\"sameAs\":[\"https:\/\/www.instagram.com\/forward.ap\/\"]}]}<\/script>\n<!-- \/ Yoast SEO plugin. -->","yoast_head_json":{"title":"Conditions g\u00e9n\u00e9rales - Forward AP","robots":{"index":"index","follow":"follow","max-snippet":"max-snippet:-1","max-image-preview":"max-image-preview:large","max-video-preview":"max-video-preview:-1"},"canonical":"https:\/\/forwardap.com\/fr\/conditions-generales\/","og_locale":"fr_FR","og_type":"article","og_title":"Conditions g\u00e9n\u00e9rales - Forward AP","og_description":"Les conditions g\u00e9n\u00e9rales ont \u00e9t\u00e9 mises \u00e0 jour pour la derni\u00e8re fois le 10 octobre 2024 1. Introduction Ces conditions g\u00e9n\u00e9rales s&rsquo;appliquent \u00e0 ce site web et aux transactions li\u00e9es \u00e0 nos produits et services. Vous pouvez \u00eatre li\u00e9 par des contrats suppl\u00e9mentaires relatifs \u00e0 votre relation avec nous ou \u00e0 tout produit ou service [&hellip;]","og_url":"https:\/\/forwardap.com\/fr\/conditions-generales\/","og_site_name":"Forward AP","article_publisher":"https:\/\/www.instagram.com\/forward.ap\/","article_modified_time":"2025-07-09T00:31:20+00:00","twitter_card":"summary_large_image","twitter_misc":{"Dur\u00e9e de lecture estim\u00e9e":"10 minutes"},"schema":{"@context":"https:\/\/schema.org","@graph":[{"@type":"WebPage","@id":"https:\/\/forwardap.com\/fr\/conditions-generales\/","url":"https:\/\/forwardap.com\/fr\/conditions-generales\/","name":"Conditions g\u00e9n\u00e9rales - Forward AP","isPartOf":{"@id":"https:\/\/forwardap.com\/fr\/#website"},"datePublished":"2024-10-10T10:38:29+00:00","dateModified":"2025-07-09T00:31:20+00:00","breadcrumb":{"@id":"https:\/\/forwardap.com\/fr\/conditions-generales\/#breadcrumb"},"inLanguage":"fr-FR","potentialAction":[{"@type":"ReadAction","target":["https:\/\/forwardap.com\/fr\/conditions-generales\/"]}]},{"@type":"BreadcrumbList","@id":"https:\/\/forwardap.com\/fr\/conditions-generales\/#breadcrumb","itemListElement":[{"@type":"ListItem","position":1,"name":"Home","item":"https:\/\/forwardap.com\/"},{"@type":"ListItem","position":2,"name":"Conditions g\u00e9n\u00e9rales"}]},{"@type":"WebSite","@id":"https:\/\/forwardap.com\/fr\/#website","url":"https:\/\/forwardap.com\/fr\/","name":"Forward AP","description":"Optimizing the user-experience right from the unboxing moment","publisher":{"@id":"https:\/\/forwardap.com\/fr\/#organization"},"alternateName":"Forward AP","potentialAction":[{"@type":"SearchAction","target":{"@type":"EntryPoint","urlTemplate":"https:\/\/forwardap.com\/fr\/?s={search_term_string}"},"query-input":{"@type":"PropertyValueSpecification","valueRequired":true,"valueName":"search_term_string"}}],"inLanguage":"fr-FR"},{"@type":"Organization","@id":"https:\/\/forwardap.com\/fr\/#organization","name":"Forward AP","url":"https:\/\/forwardap.com\/fr\/","logo":{"@type":"ImageObject","inLanguage":"fr-FR","@id":"https:\/\/forwardap.com\/fr\/#\/schema\/logo\/image\/","url":"https:\/\/forwardap.com\/wp-content\/uploads\/2025\/06\/FORWARDAP__logo_light.png","contentUrl":"https:\/\/forwardap.com\/wp-content\/uploads\/2025\/06\/FORWARDAP__logo_light.png","width":1448,"height":582,"caption":"Forward AP"},"image":{"@id":"https:\/\/forwardap.com\/fr\/#\/schema\/logo\/image\/"},"sameAs":["https:\/\/www.instagram.com\/forward.ap\/"]}]}},"_links":{"self":[{"href":"https:\/\/forwardap.com\/fr\/wp-json\/wp\/v2\/pages\/13849","targetHints":{"allow":["GET"]}}],"collection":[{"href":"https:\/\/forwardap.com\/fr\/wp-json\/wp\/v2\/pages"}],"about":[{"href":"https:\/\/forwardap.com\/fr\/wp-json\/wp\/v2\/types\/page"}],"author":[{"embeddable":true,"href":"https:\/\/forwardap.com\/fr\/wp-json\/wp\/v2\/users\/5"}],"replies":[{"embeddable":true,"href":"https:\/\/forwardap.com\/fr\/wp-json\/wp\/v2\/comments?post=13849"}],"version-history":[{"count":1,"href":"https:\/\/forwardap.com\/fr\/wp-json\/wp\/v2\/pages\/13849\/revisions"}],"predecessor-version":[{"id":13853,"href":"https:\/\/forwardap.com\/fr\/wp-json\/wp\/v2\/pages\/13849\/revisions\/13853"}],"wp:attachment":[{"href":"https:\/\/forwardap.com\/fr\/wp-json\/wp\/v2\/media?parent=13849"}],"curies":[{"name":"wp","href":"https:\/\/api.w.org\/{rel}","templated":true}]}}