{"id":13798,"date":"2024-10-10T10:38:29","date_gmt":"2024-10-10T10:38:29","guid":{"rendered":"https:\/\/forwardap.com\/geschaeftsbedingungen\/"},"modified":"2025-10-21T15:32:13","modified_gmt":"2025-10-21T15:32:13","slug":"geschaeftsbedingungen","status":"publish","type":"page","link":"https:\/\/forwardap.com\/de\/geschaeftsbedingungen\/","title":{"rendered":"Gesch\u00e4ftsbedingungen"},"content":{"rendered":"\t\t<div data-elementor-type=\"wp-page\" data-elementor-id=\"13798\" class=\"elementor elementor-13798 elementor-11509\" data-elementor-post-type=\"page\">\n\t\t\t\t<div class=\"elementor-element elementor-element-54a3466d e-flex e-con-boxed e-con e-parent\" data-id=\"54a3466d\" data-element_type=\"container\" data-settings=\"{&quot;jet_parallax_layout_list&quot;:[]}\">\n\t\t\t\t\t<div class=\"e-con-inner\">\n\t\t\t\t<div class=\"elementor-element elementor-element-c158879 elementor-widget elementor-widget-heading\" data-id=\"c158879\" data-element_type=\"widget\" data-widget_type=\"heading.default\">\n\t\t\t\t<div class=\"elementor-widget-container\">\n\t\t\t\t\t<h1 class=\"elementor-heading-title elementor-size-default\">Gesch\u00e4ftsbedingungen<\/h1>\t\t\t\t<\/div>\n\t\t\t\t<\/div>\n\t\t\t\t<div class=\"elementor-element elementor-element-a917b73 elementor-widget elementor-widget-text-editor\" data-id=\"a917b73\" data-element_type=\"widget\" data-widget_type=\"text-editor.default\">\n\t\t\t\t<div class=\"elementor-widget-container\">\n\t\t\t\t\t\t\t\t\t<p><i>Die Allgemeinen Gesch\u00e4ftsbedingungen wurden zuletzt am 10. Oktober 2024 aktualisiert.<\/i><\/p><h2>1. Einleitung<\/h2><p>Diese Allgemeinen Gesch\u00e4ftsbedingungen gelten f\u00fcr diese Website und f\u00fcr die Transaktionen im Zusammenhang mit unseren Produkten und Dienstleistungen. Sie k\u00f6nnen an zus\u00e4tzliche Vertr\u00e4ge gebunden sein, die sich auf Ihre Beziehung zu uns oder auf Produkte oder Dienstleistungen beziehen, die Sie von uns erhalten. Sollten Bestimmungen der zus\u00e4tzlichen Vertr\u00e4ge mit Bestimmungen dieser Allgemeinen Gesch\u00e4ftsbedingungen in Konflikt stehen, so haben die Bestimmungen dieser zus\u00e4tzlichen Vertr\u00e4ge Vorrang und sind ma\u00dfgebend.  <\/p><h2>2. Bindung<\/h2><p>Durch die Registrierung, den Zugriff oder die sonstige Nutzung dieser Website erkl\u00e4ren Sie sich hiermit mit den nachstehenden Allgemeinen Gesch\u00e4ftsbedingungen einverstanden. Die blo\u00dfe Nutzung dieser Website impliziert die Kenntnis und Akzeptanz dieser Allgemeinen Gesch\u00e4ftsbedingungen. In einigen besonderen F\u00e4llen k\u00f6nnen wir Sie auch um eine ausdr\u00fcckliche Zustimmung bitten.  <\/p><h2>3. Geistiges Eigentum<\/h2><p>Wir oder unsere Lizenzgeber besitzen und kontrollieren alle Urheberrechte und sonstigen geistigen Eigentumsrechte an der Website und den Daten, Informationen und anderen Ressourcen, die auf der Website angezeigt oder \u00fcber diese zug\u00e4nglich sind.<\/p><p class=\"cmplz-subtitle\">3.1 Alle Rechte vorbehalten<\/p><p>Sofern nicht anders angegeben, wird Ihnen keine Lizenz oder ein anderes Recht unter Urheber-, Marken-, Patent- oder anderen geistigen Eigentumsrechten gew\u00e4hrt. Dies bedeutet, dass Sie ohne unsere vorherige schriftliche Genehmigung keine Ressourcen auf dieser Website in irgendeiner Form nutzen, kopieren, reproduzieren, vorf\u00fchren, anzeigen, verbreiten, in elektronische Medien einbetten, \u00e4ndern, zur\u00fcckentwickeln, dekompilieren, \u00fcbertragen, herunterladen, \u00fcbermitteln, monetarisieren, verkaufen, vermarkten oder kommerzialisieren d\u00fcrfen, es sei denn, dies ist in zwingenden gesetzlichen Bestimmungen (wie dem Zitatrecht) anders festgelegt. <\/p><h2>4. Newsletter<\/h2><p>Ungeachtet des Vorstehenden d\u00fcrfen Sie unseren Newsletter in elektronischer Form an andere weiterleiten, die an einem Besuch unserer Website interessiert sein k\u00f6nnten.<\/p><h2>5. Eigentum Dritter<\/h2><p>Unsere Website kann Hyperlinks oder andere Verweise auf Websites Dritter enthalten. Wir \u00fcberwachen oder \u00fcberpr\u00fcfen den Inhalt von Websites Dritter, auf die von dieser Website aus verlinkt wird, nicht. Produkte oder Dienstleistungen, die von anderen Websites angeboten werden, unterliegen den anwendbaren Gesch\u00e4ftsbedingungen dieser Dritten. Auf diesen Websites ge\u00e4u\u00dferte Meinungen oder erscheinendes Material werden von uns nicht notwendigerweise geteilt oder bef\u00fcrwortet.   <\/p><p>Wir sind nicht verantwortlich f\u00fcr die Datenschutzpraktiken oder den Inhalt dieser Websites. Sie tragen alle Risiken, die mit der Nutzung dieser Websites und der damit verbundenen Dienste Dritter verbunden sind. Wir \u00fcbernehmen keine Verantwortung f\u00fcr Verluste oder Sch\u00e4den jeglicher Art, wie auch immer verursacht, die sich aus der Offenlegung pers\u00f6nlicher Informationen an Dritte ergeben.  <\/p><h2>6. Verantwortungsbewusste Nutzung<\/h2><p>Durch den Besuch unserer Website erkl\u00e4ren Sie sich damit einverstanden, diese nur f\u00fcr die vorgesehenen Zwecke und gem\u00e4\u00df diesen Bedingungen, zus\u00e4tzlichen Vertr\u00e4gen mit uns sowie den geltenden Gesetzen, Vorschriften und allgemein anerkannten Online-Praktiken und Branchenrichtlinien zu nutzen. Sie d\u00fcrfen unsere Website oder Dienste nicht dazu verwenden, Material zu nutzen, zu ver\u00f6ffentlichen oder zu verbreiten, das aus b\u00f6sartiger Computersoftware besteht (oder mit dieser verkn\u00fcpft ist); Daten, die von unserer Website gesammelt wurden, f\u00fcr direkte Marketingaktivit\u00e4ten zu verwenden oder systematische oder automatisierte Datenerfassungsaktivit\u00e4ten auf oder in Bezug auf unsere Website durchzuf\u00fchren. <\/p><p>Jegliche Aktivit\u00e4t, die Sch\u00e4den an der Website verursacht oder verursachen kann oder die die Leistung, Verf\u00fcgbarkeit oder Zug\u00e4nglichkeit der Website beeintr\u00e4chtigt, ist strengstens untersagt.<\/p><h2>7. Ideeneinreichung<\/h2><p>Reichen Sie keine Ideen, Erfindungen, Urheberwerke oder andere Informationen ein, die als Ihr geistiges Eigentum betrachtet werden k\u00f6nnen und die Sie uns pr\u00e4sentieren m\u00f6chten, es sei denn, wir haben zuvor eine Vereinbarung bez\u00fcglich des geistigen Eigentums oder eine Geheimhaltungsvereinbarung unterzeichnet. Wenn Sie uns diese ohne eine solche schriftliche Vereinbarung offenlegen, gew\u00e4hren Sie uns eine weltweite, unwiderrufliche, nicht-exklusive, geb\u00fchrenfreie Lizenz zur Nutzung, Reproduktion, Speicherung, Anpassung, Ver\u00f6ffentlichung, \u00dcbersetzung und Verbreitung Ihrer Inhalte in allen bestehenden oder zuk\u00fcnftigen Medien. <\/p><h2>8. Beendigung der Nutzung<\/h2><p>Wir k\u00f6nnen nach eigenem Ermessen jederzeit den Zugang zur Website oder zu einem Dienst darauf vor\u00fcbergehend oder dauerhaft \u00e4ndern oder einstellen. Sie erkl\u00e4ren sich damit einverstanden, dass wir Ihnen oder Dritten gegen\u00fcber nicht f\u00fcr solche \u00c4nderungen, Aussetzungen oder Einstellungen Ihres Zugangs zur oder Ihrer Nutzung der Website oder von Inhalten, die Sie auf der Website geteilt haben, haften. Sie haben keinen Anspruch auf Entsch\u00e4digung oder andere Zahlungen, selbst wenn bestimmte Funktionen, Einstellungen und\/oder Inhalte, die Sie beigesteuert oder auf die Sie sich verlassen haben, dauerhaft verloren gehen. Sie d\u00fcrfen keine Zugriffsbarrieren auf unserer Website umgehen oder zu umgehen versuchen.   <\/p><h2>9. Garantien und Haftung<\/h2><p>Nichts in diesem Abschnitt wird eine gesetzlich implizierte Garantie einschr\u00e4nken oder ausschlie\u00dfen, deren Einschr\u00e4nkung oder Ausschluss rechtswidrig w\u00e4re. Diese Website und alle Inhalte auf der Website werden \u201ewie besehen\u201c und \u201ewie verf\u00fcgbar\u201c bereitgestellt und k\u00f6nnen Ungenauigkeiten oder Tippfehler enthalten. Wir lehnen ausdr\u00fccklich alle Garantien jeglicher Art, ob ausdr\u00fccklich oder stillschweigend, hinsichtlich der Verf\u00fcgbarkeit, Richtigkeit oder Vollst\u00e4ndigkeit des Inhalts ab. Wir geben keine Garantie, dass:   <\/p><ul><li>diese Website oder unsere Inhalte Ihren Anforderungen entsprechen;<\/li><li>diese Website ununterbrochen, zeitgerecht, sicher oder fehlerfrei verf\u00fcgbar sein wird.<\/li><\/ul><p>Nichts auf dieser Website stellt eine rechtliche, finanzielle oder medizinische Beratung dar oder soll eine solche darstellen. Wenn Sie eine Beratung ben\u00f6tigen, sollten Sie einen entsprechenden Fachmann konsultieren. <\/p><p>Die folgenden Bestimmungen dieses Abschnitts gelten im gr\u00f6\u00dftm\u00f6glichen Umfang, der nach geltendem Recht zul\u00e4ssig ist, und schr\u00e4nken unsere Haftung in Bezug auf Angelegenheiten, bei denen es f\u00fcr uns rechtswidrig w\u00e4re, unsere Haftung einzuschr\u00e4nken oder auszuschlie\u00dfen, nicht ein oder schlie\u00dfen sie nicht aus. In keinem Fall haften wir f\u00fcr direkte oder indirekte Sch\u00e4den (einschlie\u00dflich Sch\u00e4den aus Gewinn- oder Einnahmeverlust, Daten-, Software- oder Datenbankverlust oder -besch\u00e4digung oder Verlust oder Besch\u00e4digung von Eigentum oder Daten), die Ihnen oder Dritten entstehen, die sich aus Ihrem Zugriff auf oder Ihrer Nutzung unserer Website ergeben. <\/p><p>Sofern ein zus\u00e4tzlicher Vertrag nicht ausdr\u00fccklich etwas anderes besagt, ist unsere maximale Haftung Ihnen gegen\u00fcber f\u00fcr alle Sch\u00e4den, die sich aus oder im Zusammenhang mit der Website oder Produkten und Dienstleistungen ergeben, die \u00fcber die Website vermarktet oder verkauft werden, unabh\u00e4ngig von der Form der rechtlichen Klage, die die Haftung begr\u00fcndet (sei es aus Vertrag, Billigkeit, Fahrl\u00e4ssigkeit, beabsichtigtem Verhalten, unerlaubter Handlung oder anderweitig), auf den Gesamtpreis begrenzt, den Sie uns f\u00fcr den Kauf solcher Produkte oder Dienstleistungen oder die Nutzung der Website gezahlt haben. Diese Begrenzung gilt insgesamt f\u00fcr alle Ihre Anspr\u00fcche, Klagen und Klagegr\u00fcnde jeder Art und Natur. <\/p><h2>10. Datenschutz<\/h2><p>Um auf unsere Website und\/oder Dienste zugreifen zu k\u00f6nnen, m\u00fcssen Sie m\u00f6glicherweise im Rahmen des Registrierungsprozesses bestimmte Informationen \u00fcber sich selbst angeben. Sie stimmen zu, dass alle von Ihnen bereitgestellten Informationen stets korrekt, richtig und aktuell sind. <\/p><p>Wir haben eine Richtlinie entwickelt, um alle Ihre Datenschutzbedenken zu ber\u00fccksichtigen. Weitere Informationen finden Sie in unserer <a href=\"https:\/\/forwardap.com\/de\/geschaeftsbedingungen\/\">Datenschutzerkl\u00e4rung<\/a> und unserer <a href=\"https:\/\/forwardap.com\/de\/cookie\/\">Cookie-Richtlinie<\/a>. <\/p><h2>11. Barrierefreiheit<\/h2><p>Wir verpflichten uns, die von uns bereitgestellten Inhalte f\u00fcr Menschen mit Behinderungen zug\u00e4nglich zu machen. Wenn Sie eine Behinderung haben und aufgrund Ihrer Behinderung keinen Zugang zu einem Teil unserer Website haben, bitten wir Sie, uns eine detaillierte Beschreibung des aufgetretenen Problems zukommen zu lassen. Wenn das Problem leicht identifizierbar und mit branchen\u00fcblichen Informationstechnologiewerkzeugen und -techniken l\u00f6sbar ist, werden wir es umgehend beheben.  <\/p><h2>12. Exportbeschr\u00e4nkungen \/ Einhaltung gesetzlicher Vorschriften<\/h2><p>Der Zugriff auf die Website aus Gebieten oder L\u00e4ndern, in denen der Inhalt oder der Kauf der auf der Website verkauften Produkte oder Dienstleistungen illegal ist, ist untersagt. Sie d\u00fcrfen diese Website nicht unter Verletzung der Exportgesetze und -vorschriften der Schweiz nutzen. <\/p><h2>13. Abtretung<\/h2><p>Sie d\u00fcrfen Ihre Rechte und\/oder Pflichten aus diesen Allgemeinen Gesch\u00e4ftsbedingungen, ganz oder teilweise, ohne unsere vorherige schriftliche Zustimmung nicht an Dritte abtreten, \u00fcbertragen oder untervergeben. Jede angebliche Abtretung unter Verletzung dieses Abschnitts ist null und nichtig. <\/p><h2>14. Verst\u00f6\u00dfe gegen diese Allgemeinen Gesch\u00e4ftsbedingungen<\/h2><p>Unbeschadet unserer sonstigen Rechte aus diesen Allgemeinen Gesch\u00e4ftsbedingungen k\u00f6nnen wir, wenn Sie diese Allgemeinen Gesch\u00e4ftsbedingungen in irgendeiner Weise verletzen, Ma\u00dfnahmen ergreifen, die wir zur Behebung des Versto\u00dfes f\u00fcr angemessen halten, einschlie\u00dflich der vor\u00fcbergehenden oder dauerhaften Sperrung Ihres Zugangs zur Website, der Kontaktaufnahme mit Ihrem Internetdienstanbieter, um ihn aufzufordern, Ihren Zugang zur Website zu blockieren, und\/oder der Einleitung rechtlicher Schritte gegen Sie.<\/p><h2>15. Entsch\u00e4digung<\/h2><p>Sie erkl\u00e4ren sich damit einverstanden, uns von und gegen alle Anspr\u00fcche, Verbindlichkeiten, Sch\u00e4den, Verluste und Ausgaben freizustellen, zu verteidigen und schadlos zu halten, die sich aus Ihrer Verletzung dieser Allgemeinen Gesch\u00e4ftsbedingungen und der geltenden Gesetze, einschlie\u00dflich der Rechte an geistigem Eigentum und der Datenschutzrechte, ergeben. Sie werden uns unverz\u00fcglich f\u00fcr unsere Sch\u00e4den, Verluste, Kosten und Ausgaben im Zusammenhang mit oder aus solchen Anspr\u00fcchen entsch\u00e4digen. <\/p><h2>16. Verzicht<\/h2><p>Die Nichtdurchsetzung einer der in diesen Allgemeinen Gesch\u00e4ftsbedingungen und einer Vereinbarung festgelegten Bestimmungen oder die Nichtaus\u00fcbung einer Option zur K\u00fcndigung darf nicht als Verzicht auf solche Bestimmungen ausgelegt werden und ber\u00fchrt nicht die G\u00fcltigkeit dieser Allgemeinen Gesch\u00e4ftsbedingungen oder einer Vereinbarung oder eines Teils davon oder das Recht, danach jede einzelne Bestimmung durchzusetzen.<\/p><h2>17. Sprache<\/h2><p>Diese Allgemeinen Gesch\u00e4ftsbedingungen werden ausschlie\u00dflich in englischer Sprache ausgelegt und verstanden. Alle Mitteilungen und Korrespondenz werden ausschlie\u00dflich in dieser Sprache verfasst. <\/p><h2>18. Gesamte Vereinbarung<\/h2><p>Diese Allgemeinen Gesch\u00e4ftsbedingungen bilden zusammen mit unserer <a href=\"https:\/\/forwardap.com\/de\/geschaeftsbedingungen\/\">Datenschutzerkl\u00e4rung<\/a> und <a href=\"https:\/\/forwardap.com\/de\/cookie\/\">Cookie-Richtlinie<\/a> die gesamte Vereinbarung zwischen Ihnen und Forward AP in Bezug auf Ihre Nutzung dieser Website.<\/p><h2>19. Aktualisierung dieser Allgemeinen Gesch\u00e4ftsbedingungen<\/h2><p>Wir k\u00f6nnen diese Allgemeinen Gesch\u00e4ftsbedingungen von Zeit zu Zeit aktualisieren. Es liegt in Ihrer Verantwortung, diese Allgemeinen Gesch\u00e4ftsbedingungen regelm\u00e4\u00dfig auf \u00c4nderungen oder Aktualisierungen zu \u00fcberpr\u00fcfen. Das am Anfang dieser Allgemeinen Gesch\u00e4ftsbedingungen angegebene Datum ist das Datum der letzten \u00dcberarbeitung. \u00c4nderungen dieser Allgemeinen Gesch\u00e4ftsbedingungen werden wirksam, sobald sie auf dieser Website ver\u00f6ffentlicht werden. Ihre fortgesetzte Nutzung dieser Website nach der Ver\u00f6ffentlichung von \u00c4nderungen oder Aktualisierungen gilt als Kenntnisnahme Ihrer Zustimmung, diese Allgemeinen Gesch\u00e4ftsbedingungen einzuhalten und an sie gebunden zu sein.    <\/p><h2>20. Rechtswahl und Gerichtsstand<\/h2><p>Diese Allgemeinen Gesch\u00e4ftsbedingungen unterliegen den Gesetzen der Schweiz. Alle Streitigkeiten im Zusammenhang mit diesen Allgemeinen Gesch\u00e4ftsbedingungen unterliegen der Gerichtsbarkeit der Gerichte der Schweiz. Sollte ein Teil oder eine Bestimmung dieser Allgemeinen Gesch\u00e4ftsbedingungen von einem Gericht oder einer anderen Beh\u00f6rde nach geltendem Recht f\u00fcr ung\u00fcltig und\/oder nicht durchsetzbar befunden werden, so wird dieser Teil oder diese Bestimmung im gr\u00f6\u00dftm\u00f6glichen Umfang ge\u00e4ndert, gel\u00f6scht und\/oder durchgesetzt, um die Absicht dieser Allgemeinen Gesch\u00e4ftsbedingungen zu verwirklichen. Die anderen Bestimmungen bleiben unber\u00fchrt.   <\/p><h2>21. Kontaktinformationen<\/h2><p>Diese Website geh\u00f6rt Forward AP und wird von Forward AP betrieben.<\/p><p>Sie k\u00f6nnen uns bez\u00fcglich dieser Allgemeinen Gesch\u00e4ftsbedingungen \u00fcber unsere <a href=\"https:\/\/forwardap.com\/de\/kontakt\/\">Kontaktseite<\/a> kontaktieren.<\/p>\t\t\t\t\t\t\t\t<\/div>\n\t\t\t\t<\/div>\n\t\t\t\t\t<\/div>\n\t\t\t\t<\/div>\n\t\t\t\t<\/div>\n\t\t","protected":false},"excerpt":{"rendered":"<p>Die Allgemeinen Gesch\u00e4ftsbedingungen wurden zuletzt am 10. Oktober 2024 aktualisiert. 1. Einleitung Diese Allgemeinen Gesch\u00e4ftsbedingungen gelten f\u00fcr diese Website und f\u00fcr die Transaktionen im Zusammenhang mit unseren Produkten und Dienstleistungen. Sie k\u00f6nnen an zus\u00e4tzliche Vertr\u00e4ge gebunden sein, die sich auf Ihre Beziehung zu uns oder auf Produkte oder Dienstleistungen beziehen, die Sie von uns erhalten. [&hellip;]<\/p>\n","protected":false},"author":5,"featured_media":0,"parent":0,"menu_order":0,"comment_status":"closed","ping_status":"closed","template":"","meta":{"footnotes":""},"class_list":["post-13798","page","type-page","status-publish","hentry"],"yoast_head":"<!-- This site is optimized with the Yoast SEO plugin v25.5 - https:\/\/yoast.com\/wordpress\/plugins\/seo\/ -->\n<title>Gesch\u00e4ftsbedingungen - Forward AP<\/title>\n<meta name=\"robots\" content=\"index, follow, max-snippet:-1, max-image-preview:large, max-video-preview:-1\" \/>\n<link rel=\"canonical\" href=\"https:\/\/forwardap.com\/de\/geschaeftsbedingungen\/\" \/>\n<meta property=\"og:locale\" content=\"de_DE\" \/>\n<meta property=\"og:type\" content=\"article\" \/>\n<meta property=\"og:title\" content=\"Gesch\u00e4ftsbedingungen - Forward AP\" \/>\n<meta property=\"og:description\" content=\"Die Allgemeinen Gesch\u00e4ftsbedingungen wurden zuletzt am 10. Oktober 2024 aktualisiert. 1. Einleitung Diese Allgemeinen Gesch\u00e4ftsbedingungen gelten f\u00fcr diese Website und f\u00fcr die Transaktionen im Zusammenhang mit unseren Produkten und Dienstleistungen. Sie k\u00f6nnen an zus\u00e4tzliche Vertr\u00e4ge gebunden sein, die sich auf Ihre Beziehung zu uns oder auf Produkte oder Dienstleistungen beziehen, die Sie von uns erhalten. [&hellip;]\" \/>\n<meta property=\"og:url\" content=\"https:\/\/forwardap.com\/de\/geschaeftsbedingungen\/\" \/>\n<meta property=\"og:site_name\" content=\"Forward AP\" \/>\n<meta property=\"article:publisher\" content=\"https:\/\/www.instagram.com\/forward.ap\/\" \/>\n<meta property=\"article:modified_time\" content=\"2025-10-21T15:32:13+00:00\" \/>\n<meta name=\"twitter:card\" content=\"summary_large_image\" \/>\n<meta name=\"twitter:label1\" content=\"Gesch\u00e4tzte Lesezeit\" \/>\n\t<meta name=\"twitter:data1\" content=\"9\u00a0Minuten\" \/>\n<script type=\"application\/ld+json\" class=\"yoast-schema-graph\">{\"@context\":\"https:\/\/schema.org\",\"@graph\":[{\"@type\":\"WebPage\",\"@id\":\"https:\/\/forwardap.com\/de\/geschaeftsbedingungen\/\",\"url\":\"https:\/\/forwardap.com\/de\/geschaeftsbedingungen\/\",\"name\":\"Gesch\u00e4ftsbedingungen - Forward AP\",\"isPartOf\":{\"@id\":\"https:\/\/forwardap.com\/de\/#website\"},\"datePublished\":\"2024-10-10T10:38:29+00:00\",\"dateModified\":\"2025-10-21T15:32:13+00:00\",\"breadcrumb\":{\"@id\":\"https:\/\/forwardap.com\/de\/geschaeftsbedingungen\/#breadcrumb\"},\"inLanguage\":\"de\",\"potentialAction\":[{\"@type\":\"ReadAction\",\"target\":[\"https:\/\/forwardap.com\/de\/geschaeftsbedingungen\/\"]}]},{\"@type\":\"BreadcrumbList\",\"@id\":\"https:\/\/forwardap.com\/de\/geschaeftsbedingungen\/#breadcrumb\",\"itemListElement\":[{\"@type\":\"ListItem\",\"position\":1,\"name\":\"Home\",\"item\":\"https:\/\/forwardap.com\/\"},{\"@type\":\"ListItem\",\"position\":2,\"name\":\"Gesch\u00e4ftsbedingungen\"}]},{\"@type\":\"WebSite\",\"@id\":\"https:\/\/forwardap.com\/de\/#website\",\"url\":\"https:\/\/forwardap.com\/de\/\",\"name\":\"Forward AP\",\"description\":\"Optimizing the user-experience right from the unboxing moment\",\"publisher\":{\"@id\":\"https:\/\/forwardap.com\/de\/#organization\"},\"alternateName\":\"Forward AP\",\"potentialAction\":[{\"@type\":\"SearchAction\",\"target\":{\"@type\":\"EntryPoint\",\"urlTemplate\":\"https:\/\/forwardap.com\/de\/?s={search_term_string}\"},\"query-input\":{\"@type\":\"PropertyValueSpecification\",\"valueRequired\":true,\"valueName\":\"search_term_string\"}}],\"inLanguage\":\"de\"},{\"@type\":\"Organization\",\"@id\":\"https:\/\/forwardap.com\/de\/#organization\",\"name\":\"Forward AP\",\"url\":\"https:\/\/forwardap.com\/de\/\",\"logo\":{\"@type\":\"ImageObject\",\"inLanguage\":\"de\",\"@id\":\"https:\/\/forwardap.com\/de\/#\/schema\/logo\/image\/\",\"url\":\"https:\/\/forwardap.com\/wp-content\/uploads\/2025\/06\/FORWARDAP__logo_light.png\",\"contentUrl\":\"https:\/\/forwardap.com\/wp-content\/uploads\/2025\/06\/FORWARDAP__logo_light.png\",\"width\":1448,\"height\":582,\"caption\":\"Forward AP\"},\"image\":{\"@id\":\"https:\/\/forwardap.com\/de\/#\/schema\/logo\/image\/\"},\"sameAs\":[\"https:\/\/www.instagram.com\/forward.ap\/\"]}]}<\/script>\n<!-- \/ Yoast SEO plugin. -->","yoast_head_json":{"title":"Gesch\u00e4ftsbedingungen - Forward AP","robots":{"index":"index","follow":"follow","max-snippet":"max-snippet:-1","max-image-preview":"max-image-preview:large","max-video-preview":"max-video-preview:-1"},"canonical":"https:\/\/forwardap.com\/de\/geschaeftsbedingungen\/","og_locale":"de_DE","og_type":"article","og_title":"Gesch\u00e4ftsbedingungen - Forward AP","og_description":"Die Allgemeinen Gesch\u00e4ftsbedingungen wurden zuletzt am 10. Oktober 2024 aktualisiert. 1. Einleitung Diese Allgemeinen Gesch\u00e4ftsbedingungen gelten f\u00fcr diese Website und f\u00fcr die Transaktionen im Zusammenhang mit unseren Produkten und Dienstleistungen. Sie k\u00f6nnen an zus\u00e4tzliche Vertr\u00e4ge gebunden sein, die sich auf Ihre Beziehung zu uns oder auf Produkte oder Dienstleistungen beziehen, die Sie von uns erhalten. [&hellip;]","og_url":"https:\/\/forwardap.com\/de\/geschaeftsbedingungen\/","og_site_name":"Forward AP","article_publisher":"https:\/\/www.instagram.com\/forward.ap\/","article_modified_time":"2025-10-21T15:32:13+00:00","twitter_card":"summary_large_image","twitter_misc":{"Gesch\u00e4tzte Lesezeit":"9\u00a0Minuten"},"schema":{"@context":"https:\/\/schema.org","@graph":[{"@type":"WebPage","@id":"https:\/\/forwardap.com\/de\/geschaeftsbedingungen\/","url":"https:\/\/forwardap.com\/de\/geschaeftsbedingungen\/","name":"Gesch\u00e4ftsbedingungen - Forward AP","isPartOf":{"@id":"https:\/\/forwardap.com\/de\/#website"},"datePublished":"2024-10-10T10:38:29+00:00","dateModified":"2025-10-21T15:32:13+00:00","breadcrumb":{"@id":"https:\/\/forwardap.com\/de\/geschaeftsbedingungen\/#breadcrumb"},"inLanguage":"de","potentialAction":[{"@type":"ReadAction","target":["https:\/\/forwardap.com\/de\/geschaeftsbedingungen\/"]}]},{"@type":"BreadcrumbList","@id":"https:\/\/forwardap.com\/de\/geschaeftsbedingungen\/#breadcrumb","itemListElement":[{"@type":"ListItem","position":1,"name":"Home","item":"https:\/\/forwardap.com\/"},{"@type":"ListItem","position":2,"name":"Gesch\u00e4ftsbedingungen"}]},{"@type":"WebSite","@id":"https:\/\/forwardap.com\/de\/#website","url":"https:\/\/forwardap.com\/de\/","name":"Forward AP","description":"Optimizing the user-experience right from the unboxing moment","publisher":{"@id":"https:\/\/forwardap.com\/de\/#organization"},"alternateName":"Forward AP","potentialAction":[{"@type":"SearchAction","target":{"@type":"EntryPoint","urlTemplate":"https:\/\/forwardap.com\/de\/?s={search_term_string}"},"query-input":{"@type":"PropertyValueSpecification","valueRequired":true,"valueName":"search_term_string"}}],"inLanguage":"de"},{"@type":"Organization","@id":"https:\/\/forwardap.com\/de\/#organization","name":"Forward AP","url":"https:\/\/forwardap.com\/de\/","logo":{"@type":"ImageObject","inLanguage":"de","@id":"https:\/\/forwardap.com\/de\/#\/schema\/logo\/image\/","url":"https:\/\/forwardap.com\/wp-content\/uploads\/2025\/06\/FORWARDAP__logo_light.png","contentUrl":"https:\/\/forwardap.com\/wp-content\/uploads\/2025\/06\/FORWARDAP__logo_light.png","width":1448,"height":582,"caption":"Forward AP"},"image":{"@id":"https:\/\/forwardap.com\/de\/#\/schema\/logo\/image\/"},"sameAs":["https:\/\/www.instagram.com\/forward.ap\/"]}]}},"_links":{"self":[{"href":"https:\/\/forwardap.com\/de\/wp-json\/wp\/v2\/pages\/13798","targetHints":{"allow":["GET"]}}],"collection":[{"href":"https:\/\/forwardap.com\/de\/wp-json\/wp\/v2\/pages"}],"about":[{"href":"https:\/\/forwardap.com\/de\/wp-json\/wp\/v2\/types\/page"}],"author":[{"embeddable":true,"href":"https:\/\/forwardap.com\/de\/wp-json\/wp\/v2\/users\/5"}],"replies":[{"embeddable":true,"href":"https:\/\/forwardap.com\/de\/wp-json\/wp\/v2\/comments?post=13798"}],"version-history":[{"count":2,"href":"https:\/\/forwardap.com\/de\/wp-json\/wp\/v2\/pages\/13798\/revisions"}],"predecessor-version":[{"id":15143,"href":"https:\/\/forwardap.com\/de\/wp-json\/wp\/v2\/pages\/13798\/revisions\/15143"}],"wp:attachment":[{"href":"https:\/\/forwardap.com\/de\/wp-json\/wp\/v2\/media?parent=13798"}],"curies":[{"name":"wp","href":"https:\/\/api.w.org\/{rel}","templated":true}]}}